{"id":15280,"date":"2014-08-29T09:16:53","date_gmt":"2014-08-29T09:16:53","guid":{"rendered":"http:\/\/demo.qodeinteractive.com\/bridge35\/?page_id=15280"},"modified":"2021-04-28T15:08:49","modified_gmt":"2021-04-28T13:08:49","slug":"office","status":"publish","type":"page","link":"https:\/\/www.arch-omo.at\/index.php\/office\/","title":{"rendered":"Office"},"content":{"rendered":"<p>[vc_row css_animation=&#8220;&#8220; row_type=&#8220;row&#8220; use_row_as_full_screen_section=&#8220;no&#8220; type=&#8220;grid&#8220; angled_section=&#8220;no&#8220; text_align=&#8220;left&#8220; background_image_as_pattern=&#8220;without_pattern&#8220; css=&#8220;.vc_custom_1446634856678{margin-top: 50px !important;}&#8220;][vc_column][vc_column_text]<\/p>\n<h2>Johann Obermoser<\/h2>\n<p>[\/vc_column_text][vc_row_inner row_type=&#8220;row&#8220; type=&#8220;full_width&#8220; text_align=&#8220;left&#8220; css_animation=&#8220;&#8220;][vc_column_inner width=&#8220;1\/2&#8243;][vc_empty_space]<div class='q_list circle animate_list'><\/p>\n<ul>\n<li><span style=\"color: #808080;\"><strong>1954<\/strong> \u00a0Geboren in Tirol<\/span><\/li>\n<li><span style=\"color: #808080;\"><strong>1978<\/strong> \u00a0Diplom an der Architekturfakult\u00e4t Innsbruck<\/span><\/li>\n<li><span style=\"color: #808080;\"><strong>1978 &#8211; 1983<\/strong> \u00a0Praxisjahre bei Sepp M\u00fcller in Wien<\/span><\/li>\n<li><span style=\"color: #808080;\"><strong>1983 &#8211; 2005<\/strong> \u00a0Eigenes B\u00fcro in Innsbruck<\/span><\/li>\n<li><span style=\"color: #808080;\"><strong>2005<\/strong> \u00a0Gr\u00fcndung der obermoser arch-omo zt gmbh | architektur<\/span><\/li>\n<li><span style=\"color: #808080;\"><strong>2020<\/strong> \u00a0Gr\u00fcndung der obermoser + partner architekten zt gmbh<\/span><\/li>\n<\/ul>\n<p><\/div>[\/vc_column_inner][vc_column_inner width=&#8220;1\/4&#8243; css=&#8220;.vc_custom_1448019315567{padding-top: 250px !important;}&#8220;][vc_column_text css=&#8220;.vc_custom_1448019288950{padding-top: 15px !important;}&#8220;]<\/p>\n<p style=\"text-align: right;\"><em>\u201aStimmige Architektur entsteht immer dann,\u00a0<\/em><em>wenn mit den Ressourcen\u00a0<\/em><em>an die Grenzen gegangen wird\u2018<\/em><\/p>\n<h5 style=\"text-align: right;\">Johann Obermoser<\/h5>\n<p>[\/vc_column_text][\/vc_column_inner][vc_column_inner width=&#8220;1\/4&#8243;][vc_single_image image=&#8220;21805&#8243; img_size=&#8220;full&#8220; alignment=&#8220;right&#8220; qode_css_animation=&#8220;&#8220;][\/vc_column_inner][\/vc_row_inner][\/vc_column][\/vc_row][vc_row css_animation=&#8220;&#8220; row_type=&#8220;row&#8220; use_row_as_full_screen_section=&#8220;no&#8220; type=&#8220;grid&#8220; angled_section=&#8220;no&#8220; text_align=&#8220;left&#8220; background_image_as_pattern=&#8220;without_pattern&#8220;][vc_column][vc_empty_space][vc_column_text]<\/p>\n<h2><\/h2>\n<h2><\/h2>\n<h2>Ehemalige Mitarbeiterinnen und Mitarbeiter<\/h2>\n<p>[\/vc_column_text][vc_column_text]ABENDSTEIN Hartmut, ALBERS Jochen, BARTH Hanno, B\u00d6HMER Bettina, BRUTSCHER Harald, BUCHHOLZER Kurt, ECCHER Brigitte, ECK Ralf, EGGER Christian, EIMANNSBERGER Marion, EHRLICH Robert, ENZLER Marie-Theres, ERRATH Wolfgang, FALGER Gabriele, FEHR Felder, FELDER Michael, FREISINGER Hanspeter, FUCHS Markus, GARASI Thomas, GASSER Thomas, GASTAGER Alexander, GREIMEL Cindy, GAUSCH Markus, GEIGER\u00a0 Bernhard, GLANTSCHNIG Dieter, GROENER J\u00fcrgen, GUNDOLF Otto, GUTWENGER Werner, HAGELE Christian, HASELWANTER G\u00fcnther, Heis Werner, HOFRAT Dirk, HOHENWARTER Gerhard, H\u00d6CK Johannes, H\u00d6FLE Matthias, H\u00d6LZL Wolfgang, HOSS Thomas, HEINLEIN Michael, JESTL Thomas, JUEN Wolfgang, KANZ Barbara, KAMMERLANDER Kurt, KLINGENSCHMID Martina, KLEON Werner, KOEPKE Nicole, KOGLER Klaus, KOLLMANN Cornelia, K\u00d6B Gerhard, KR\u00d6PFL Harald, KURTOVIC Melina, LANG Barbara, LANZINGER Stefan, LAUSECKER Klaus, LECKSCHMIDT Manfred, LORSBACH Michael, LUDIN Bernd, MELMER Veronika, MILLER Oliver, M\u00dcLLER Bernd, NEUNER Christoph, NINDL Josef, NISTL Peter, NITSCHKE Volker, NORZ Andreas, NOWAK Monika, OBERHOLZER Werner, OBERRAUCH Gerhard, OSTERMANN Gerhard, PLONER Michael, PFURTSCHELLER Robert, RAICH J\u00f6rg, REINDL Bernhard, REITZNER Tobias, RIED Andreas, SCHARTNER Gerhard, SCHEIBELMAISSER Gerhard, SCHENNACH\u00a0 Andreas, SCHL\u00d6GL Sven, SCHMID Mark, SCHNEIDER Barbara, SCHNEIDER Brigitte, SCHWEIGER Helmut, SEEBER Sandra, SEYFRIED\u00a0 Sophie, SFERCH Monica, SIMMADER Bernhard, SPRENGER Andreas, SPRENGER Klaus, STEINMAYR Peter, STUMPF Franz, TRENKWALDER Lukas, WEBHOFER Georg, WELTE G\u00fcnter Johann, WENTER Daniel, WESTREICHER Simon, WIBMER Robert, WIESER Reinhard, WIESFLECKER Hannes, WIESFLECKER Jo, WIDMOSER Eduard, WILLE Urban, WINKLER Katja, WOLF Karin, ZANOL Gernot, ZEBER Martin, ZIERL Alois[\/vc_column_text][vc_separator type=&#8220;normal&#8220; color=&#8220;#ffffff&#8220; up=&#8220;30&#8243; down=&#8220;30&#8243;][\/vc_column][\/vc_row]<\/p>\n","protected":false},"excerpt":{"rendered":"<p>[vc_row css_animation=&#8220;&#8220; row_type=&#8220;row&#8220; use_row_as_full_screen_section=&#8220;no&#8220; type=&#8220;grid&#8220; angled_section=&#8220;no&#8220; text_align=&#8220;left&#8220; background_image_as_pattern=&#8220;without_pattern&#8220; css=&#8220;.vc_custom_1446634856678{margin-top: 50px !important;}&#8220;][vc_column][vc_column_text] Johann Obermoser [\/vc_column_text][vc_row_inner row_type=&#8220;row&#8220; type=&#8220;full_width&#8220; text_align=&#8220;left&#8220; css_animation=&#8220;&#8220;][vc_column_inner width=&#8220;1\/2&#8243;][vc_empty_space][\/vc_column_inner][vc_column_inner width=&#8220;1\/4&#8243; css=&#8220;.vc_custom_1448019315567{padding-top: 250px !important;}&#8220;][vc_column_text css=&#8220;.vc_custom_1448019288950{padding-top: 15px !important;}&#8220;] \u201aStimmige Architektur entsteht immer dann,\u00a0wenn mit den Ressourcen\u00a0an die Grenzen gegangen wird\u2018 Johann Obermoser [\/vc_column_text][\/vc_column_inner][vc_column_inner width=&#8220;1\/4&#8243;][vc_single_image image=&#8220;21805&#8243; img_size=&#8220;full&#8220; alignment=&#8220;right&#8220;&#8230;<\/p>\n","protected":false},"author":1,"featured_media":0,"parent":0,"menu_order":0,"comment_status":"open","ping_status":"open","template":"full_width.php","meta":{"_mi_skip_tracking":false},"_links":{"self":[{"href":"https:\/\/www.arch-omo.at\/index.php\/wp-json\/wp\/v2\/pages\/15280"}],"collection":[{"href":"https:\/\/www.arch-omo.at\/index.php\/wp-json\/wp\/v2\/pages"}],"about":[{"href":"https:\/\/www.arch-omo.at\/index.php\/wp-json\/wp\/v2\/types\/page"}],"author":[{"embeddable":true,"href":"https:\/\/www.arch-omo.at\/index.php\/wp-json\/wp\/v2\/users\/1"}],"replies":[{"embeddable":true,"href":"https:\/\/www.arch-omo.at\/index.php\/wp-json\/wp\/v2\/comments?post=15280"}],"version-history":[{"count":70,"href":"https:\/\/www.arch-omo.at\/index.php\/wp-json\/wp\/v2\/pages\/15280\/revisions"}],"predecessor-version":[{"id":24038,"href":"https:\/\/www.arch-omo.at\/index.php\/wp-json\/wp\/v2\/pages\/15280\/revisions\/24038"}],"wp:attachment":[{"href":"https:\/\/www.arch-omo.at\/index.php\/wp-json\/wp\/v2\/media?parent=15280"}],"curies":[{"name":"wp","href":"https:\/\/api.w.org\/{rel}","templated":true}]}}