{"id":16007,"date":"2015-09-24T16:20:34","date_gmt":"2015-09-24T14:20:34","guid":{"rendered":"http:\/\/www.arch-omo.at\/?page_id=16007"},"modified":"2017-03-03T09:42:47","modified_gmt":"2017-03-03T08:42:47","slug":"ausstellungen","status":"publish","type":"page","link":"https:\/\/www.arch-omo.at\/index.php\/ausstellungen\/","title":{"rendered":"Ausstellungen"},"content":{"rendered":"<p>[vc_row css_animation=&#8220;element_from_right&#8220; row_type=&#8220;row&#8220; use_row_as_full_screen_section=&#8220;no&#8220; type=&#8220;grid&#8220; in_content_menu=&#8220;in_content_menu&#8220; content_menu_icon=&#8220;&#8220; angled_section=&#8220;no&#8220; text_align=&#8220;left&#8220; background_image_as_pattern=&#8220;without_pattern&#8220; transition_delay=&#8220;0.8&#8243; css=&#8220;.vc_custom_1443710170968{margin-bottom: 20px !important;}&#8220;][vc_column][vc_column_text css=&#8220;.vc_custom_1443705022051{border-top-width: 20px !important;border-bottom-width: 20px !important;padding-top: 20px !important;padding-bottom: 20px !important;}&#8220;]<\/p>\n<h1>Ausstellungen<\/h1>\n<p>[\/vc_column_text][vc_separator type=&#8220;normal&#8220; color=&#8220;#a3a3a3&#8243; up=&#8220;20&#8243; down=&#8220;20&#8243;][\/vc_column][\/vc_row][vc_row css_animation=&#8220;element_from_fade&#8220; row_type=&#8220;row&#8220; use_row_as_full_screen_section=&#8220;no&#8220; type=&#8220;grid&#8220; in_content_menu=&#8220;in_content_menu&#8220; content_menu_icon=&#8220;&#8220; angled_section=&#8220;no&#8220; text_align=&#8220;left&#8220; background_image=&#8220;21778&#8243; background_image_as_pattern=&#8220;without_pattern&#8220; background_color=&#8220;#898989&#8243; row_negative_margin=&#8220;disable_negative_margin&#8220; padding_top=&#8220;0&#8243; transition_delay=&#8220;0.4&#8243; css=&#8220;.vc_custom_1488394795134{margin-bottom: 50px !important;background-position: center !important;background-repeat: no-repeat !important;background-size: cover !important;}&#8220;][vc_column width=&#8220;1\/3&#8243;][vc_column_text]<br \/>\n[\/vc_column_text][\/vc_column][vc_column width=&#8220;2\/3&#8243; css=&#8220;.vc_custom_1443708728120{background-position: center !important;background-repeat: no-repeat !important;background-size: contain !important;}&#8220;]<blockquote class=' with_quote_icon' style='border-left-color: #ffffff;background-color: rgba(255,255,255,0.9);'><i class='fa fa-quote-right' style=''><\/i><h5 class='blockquote-text' style='color: #000000;'>Ausstellung<\/h5><\/blockquote>[vc_column_text css=&#8220;.vc_custom_1444987624282{padding-top: 20px !important;padding-bottom: 20px !important;background-color: rgba(48,48,48,0.7) !important;*background-color: rgb(48,48,48) !important;}&#8220;]<\/p>\n<h2 style=\"text-align: left; padding-left: 60px;\"><span style=\"color: #ffffff;\">7. BTV Bauherrenpreis<\/span><\/h2>\n<h3 style=\"text-align: left; padding-left: 60px;\"><span style=\"color: #ffffff;\">Innsbruck &#8211; BTV Stadtforum FO.KU.S<\/span><\/h3>\n<h3 style=\"text-align: left; padding-left: 60px;\"><span style=\"color: #ffffff;\">24. Oktober &#8211; 16. November 2013<\/span><\/h3>\n<p>[\/vc_column_text][vc_column_text css=&#8220;.vc_custom_1447665924514{background-color: rgba(255,255,255,0.9) !important;*background-color: rgb(255,255,255) !important;}&#8220;]<\/p>\n<p style=\"padding-left: 60px;\"><span style=\"color: #000000;\"><strong>\u201eTransformation in der alpinen Architektur\u201c<\/strong> ist das Motto des 7. BTV Bauherrenpreises f\u00fcr Tirol und Vorarlberg. <\/span><\/p>\n<p style=\"padding-left: 60px;\"><span style=\"color: #000000;\">Ziel des Wettbewerbes ist es, Bewusstsein f\u00fcr neue hochwertige Architektur zu f\u00f6rdern und die Bedeutung und Rolle der Bauherren hervorzuheben. Die zukunftsf\u00e4hige Architektur muss sich nicht nur in der Form k\u00fchn, intelligent und gestalterisch anspruchsvoll zeigen, sondern dar\u00fcber hinaus wurde auch erzielter Konsens zwischen widerspr\u00fcchlicher Interessen als wesentliches Element einer avancierten Baukultur pr\u00e4miert.<\/span><\/p>\n<p style=\"padding-left: 60px;\"><span style=\"color: #000000;\">Der Tiroler Fotograf, Markus Bstieler, hat die neuen Spitzenleistungen alpiner Architektur ins Licht gesetzt und in der Ausstellung nimmt er die Betrachter mit auf eine Reise, auf der die Objekte im Kontext von architektonischem Umfeld und Landschaft wahrgenommen werden.<\/span><\/p>\n<p>[\/vc_column_text][\/vc_column][\/vc_row][vc_row css_animation=&#8220;element_from_fade&#8220; row_type=&#8220;row&#8220; use_row_as_full_screen_section=&#8220;no&#8220; type=&#8220;grid&#8220; in_content_menu=&#8220;in_content_menu&#8220; content_menu_icon=&#8220;&#8220; angled_section=&#8220;no&#8220; text_align=&#8220;left&#8220; background_image=&#8220;21777&#8243; background_image_as_pattern=&#8220;without_pattern&#8220; background_color=&#8220;#898989&#8243; row_negative_margin=&#8220;disable_negative_margin&#8220; padding_top=&#8220;0&#8243; transition_delay=&#8220;0.4&#8243; css=&#8220;.vc_custom_1488394821550{margin-bottom: 50px !important;background-position: center !important;background-repeat: no-repeat !important;background-size: cover !important;}&#8220;][vc_column width=&#8220;1\/3&#8243;][vc_column_text]<br \/>\n[\/vc_column_text][\/vc_column][vc_column width=&#8220;2\/3&#8243; css=&#8220;.vc_custom_1443708728120{background-position: center !important;background-repeat: no-repeat !important;background-size: contain !important;}&#8220;]<blockquote class=' with_quote_icon' style='border-left-color: #ffffff;background-color: rgba(255,255,255,0.9);'><i class='fa fa-quote-right' style=''><\/i><h5 class='blockquote-text' style='color: #000000;'>Ausstellung<\/h5><\/blockquote>[vc_column_text css=&#8220;.vc_custom_1444984891790{padding-top: 20px !important;padding-bottom: 20px !important;background-color: rgba(48,48,48,0.7) !important;*background-color: rgb(48,48,48) !important;}&#8220;]<\/p>\n<h2 style=\"text-align: left; padding-left: 60px;\"><span style=\"color: #ffffff;\">Wohn Raum Alpen<\/span><\/h2>\n<h3 style=\"text-align: left; padding-left: 60px;\"><span style=\"color: #ffffff;\">Meran<\/span><\/h3>\n<h3 style=\"text-align: left; padding-left: 60px;\"><span style=\"color: #ffffff;\">Mai &#8211; September 2010<\/span><\/h3>\n<p>[\/vc_column_text][vc_column_text css=&#8220;.vc_custom_1447665989796{background-color: rgba(255,255,255,0.9) !important;*background-color: rgb(255,255,255) !important;}&#8220;]<\/p>\n<p style=\"padding-left: 60px;\"><span style=\"color: #000000;\">&#8220;Kunst Meran&#8220; in Zusammenarbeit mit der Stiftung der Kammer der Architekten<\/span><\/p>\n<p style=\"padding-left: 60px;\"><span style=\"color: #000000;\">Ausstellung Von 15. Mai bis 12. September 2010<\/span><br \/>\n<span style=\"color: #000000;\"> <strong>&#8222;Wohn Raum Alpen&#8220;<\/strong><\/span><\/p>\n<p style=\"padding-left: 60px;\"><span style=\"color: #000000;\">Die Schau, die als Wanderausstellung in allen acht L\u00e4ndern des Alpenraumes gezeigt wird, pr\u00e4sentiert Projekte die f\u00fcr eine Entwicklung von nachhaltigen, innovativen Siedlungs- und Wohnkonzeptionen im Spannungsfeld zwischen Landschaftsraum und Agglomeration stehen \u2013 eingebunden in die jeweils spezifischen regionalen Gegebenheiten des Alpenraums.<\/span><\/p>\n<p>&nbsp;<\/p>\n<p style=\"padding-left: 60px;\"><span style=\"color: #000000;\">Zur Ausstellung ist ein umfangreicher Katalog erschienen.<\/span><br \/>\n<span style=\"color: #000000;\"> &#8222;Wohn Raum Alpen&#8220;<\/span><br \/>\n<span style=\"color: #000000;\"> Birkh\u00e4user Verlag (Basel)<\/span><br \/>\n<span style=\"color: #000000;\"> 428 Seiten<\/span><br \/>\n<span style=\"color: #000000;\"> \u20ac 59,90<\/span><br \/>\n<span style=\"color: #000000;\"> ISBN 978-3-0346-0542-7<\/span><\/p>\n<p>[\/vc_column_text][\/vc_column][\/vc_row][vc_row css_animation=&#8220;element_from_fade&#8220; row_type=&#8220;row&#8220; use_row_as_full_screen_section=&#8220;no&#8220; type=&#8220;grid&#8220; in_content_menu=&#8220;in_content_menu&#8220; content_menu_icon=&#8220;&#8220; angled_section=&#8220;no&#8220; text_align=&#8220;left&#8220; background_image=&#8220;21776&#8243; background_image_as_pattern=&#8220;without_pattern&#8220; background_color=&#8220;#898989&#8243; row_negative_margin=&#8220;disable_negative_margin&#8220; padding_top=&#8220;0&#8243; transition_delay=&#8220;0.4&#8243; css=&#8220;.vc_custom_1488394843149{margin-bottom: 50px !important;background-position: center !important;background-repeat: no-repeat !important;background-size: cover !important;}&#8220;][vc_column width=&#8220;1\/3&#8243;][vc_column_text]<br \/>\n[\/vc_column_text][\/vc_column][vc_column width=&#8220;2\/3&#8243; css=&#8220;.vc_custom_1443708728120{background-position: center !important;background-repeat: no-repeat !important;background-size: contain !important;}&#8220;]<blockquote class=' with_quote_icon' style='border-left-color: #ffffff;background-color: rgba(255,255,255,0.9);'><i class='fa fa-quote-right' style=''><\/i><h5 class='blockquote-text' style='color: #000000;'>Ausstellung<\/h5><\/blockquote>[vc_column_text css=&#8220;.vc_custom_1447673546908{padding-top: 20px !important;padding-bottom: 20px !important;background-color: rgba(48,48,48,0.7) !important;*background-color: rgb(48,48,48) !important;}&#8220;]<\/p>\n<h2 style=\"text-align: left; padding-left: 60px;\"><span style=\"color: #ffffff;\">Az W Architekturzentrum Wien<\/span><\/h2>\n<h3 style=\"text-align: left; padding-left: 60px;\"><span style=\"color: #ffffff;\">Wien<\/span><\/h3>\n<h3 style=\"text-align: left; padding-left: 60px;\"><span style=\"color: #ffffff;\">November 2007<\/span><\/h3>\n<p>[\/vc_column_text][vc_column_text css=&#8220;.vc_custom_1447673685917{background-color: rgba(255,255,255,0.9) !important;*background-color: rgb(255,255,255) !important;}&#8220;]<\/p>\n<p style=\"padding-left: 60px;\"><span style=\"color: #000000;\">Ausstellung der Az W Architekturzentrum<\/span><\/p>\n<p style=\"padding-left: 60px;\"><span style=\"color: #000000;\">Zentralvereinigung der Architekten \u00d6sterreichs<\/span><\/p>\n<p style=\"padding-left: 60px;\"><span style=\"color: #000000;\">Wien: <\/span><span style=\"color: #000000;\">November 2007 <\/span><\/p>\n<p style=\"padding-left: 60px;\"><span style=\"color: #000000;\"><strong>&#8222;5. Bauherrenpreis&#8220;<\/strong><\/span><\/p>\n<p style=\"padding-left: 60px;\"><span style=\"color: #000000;\">Der Bauherrenpreis der ZV w\u00fcrdigt exzeptionelle Bauvorhaben, die auf Grund intensiver Kooperation von BauherrInnen und ArchitektInnen zustande gekommen sind. Bereits seit vier Jahrzehnten begleitet der Preis die Architekturentwicklung in \u00d6sterreich und ist somit g\u00fcltiges Zeugnis und Dokumentation f\u00fcr die wirkenden Kr\u00e4fte in der Gestaltung und Formulierung unserer Umwelt.<br \/>\n<\/span><\/p>\n<p style=\"padding-left: 60px;\"><span style=\"color: #000000;\">Projekte:<\/span><\/p>\n<p style=\"padding-left: 60px;\"><span style=\"color: #000000;\">ILL Integrierte Landesleitstelle, Innsbruck, Tirol\u00a0\u00a0\u00a0\u00a0 (Arge Obermoser &#8211; Schl\u00f6gl &amp; S\u00fc\u00df)<\/span><\/p>\n<p style=\"padding-left: 60px;\"><span style=\"color: #000000;\">Volksschule Sistrans, Tirol\u00a0\u00a0\u00a0 \u00a0 \u00a0 \u00a0 \u00a0 \u00a0 \u00a0 \u00a0 \u00a0 \u00a0 \u00a0 \u00a0 \u00a0 \u00a0 \u00a0 \u00a0 \u00a0\u00a0\u00a0\u00a0 (Arge Obermoser &#8211; Eck &amp; Reiter)<\/span><\/p>\n<p>[\/vc_column_text][\/vc_column][vc_column][vc_column_text]<br \/>\n[\/vc_column_text][\/vc_column][vc_column][vc_column_text]<br \/>\n[\/vc_column_text][\/vc_column][\/vc_row][vc_row css_animation=&#8220;element_from_fade&#8220; row_type=&#8220;row&#8220; use_row_as_full_screen_section=&#8220;no&#8220; type=&#8220;grid&#8220; in_content_menu=&#8220;in_content_menu&#8220; content_menu_icon=&#8220;&#8220; angled_section=&#8220;no&#8220; text_align=&#8220;left&#8220; background_image=&#8220;22221&#8243; background_image_as_pattern=&#8220;without_pattern&#8220; background_color=&#8220;#898989&#8243; row_negative_margin=&#8220;disable_negative_margin&#8220; padding_top=&#8220;0&#8243; transition_delay=&#8220;0.4&#8243; css=&#8220;.vc_custom_1488530559900{background-position: center !important;background-repeat: no-repeat !important;background-size: cover !important;}&#8220;][vc_column width=&#8220;1\/3&#8243;][vc_column_text]<br \/>\n[\/vc_column_text][\/vc_column][vc_column width=&#8220;2\/3&#8243; css=&#8220;.vc_custom_1443708728120{background-position: center !important;background-repeat: no-repeat !important;background-size: contain !important;}&#8220;]<blockquote class=' with_quote_icon' style='border-left-color: #ffffff;background-color: rgba(255,255,255,0.9);'><i class='fa fa-quote-right' style=''><\/i><h5 class='blockquote-text' style='color: #000000;'>Wanderausstellung<\/h5><\/blockquote>[vc_column_text css=&#8220;.vc_custom_1444986475874{padding-top: 20px !important;padding-bottom: 20px !important;background-color: rgba(48,48,48,0.7) !important;*background-color: rgb(48,48,48) !important;}&#8220;]<\/p>\n<h2 style=\"text-align: left; padding-left: 60px;\"><span style=\"color: #ffffff;\">Austria West &#8211; Neue Architektur<\/span><\/h2>\n<h3 style=\"text-align: left; padding-left: 60px;\"><span style=\"color: #ffffff;\">Europa, USA<\/span><\/h3>\n<h3 style=\"text-align: left; padding-left: 60px;\"><span style=\"color: #ffffff;\">Mai 2003 &#8211; Dezember\u00a02005<\/span><\/h3>\n<p>[\/vc_column_text][vc_column_text css=&#8220;.vc_custom_1447664162295{background-color: rgba(255,255,255,0.9) !important;*background-color: rgb(255,255,255) !important;}&#8220;]<\/p>\n<p style=\"padding-left: 60px;\"><span style=\"color: #000000;\">Modernes Bauen hat heute in Tirol und Vorarlberg beachtliche Breitenwirkung. Dar\u00fcber hinaus erfuhr die Architekturszene beider Regionen zunehmend internationale Resonanz.<\/span><\/p>\n<p style=\"padding-left: 60px;\"><span style=\"color: #000000;\"><strong>\u201eaustria west\u201c<\/strong> spiegelt diese Entwicklung mit einer Auswahl von 60 hervorragenden Bauten, die seit 1995 beiderseits des Arlbergs entstanden. In einer internationalen Wanderausstellung sowie einer Buchpublikation wird dieser Entwicklung Rechnung getragen.<\/span><\/p>\n<p>&nbsp;<\/p>\n<p style=\"padding-left: 60px;\"><span style=\"color: #000000;\"><strong>Wien:<\/strong>\u00a0Akademie der bildenden K\u00fcnste (Semperdepot)<\/span><br \/>\n<span style=\"color: #000000;\"> 17.Nov 2005 &#8211; 17.Dez 2005<\/span><\/p>\n<p style=\"padding-left: 60px;\"><span style=\"color: #000000;\"><strong>Leuven:<\/strong>\u00a0Auditorium, Tweedbronnen (Belgien)<\/span><br \/>\n<span style=\"color: #000000;\"> 19.Mai 2005 &#8211; 2.Juli 2005<\/span><\/p>\n<p style=\"padding-left: 60px;\"><span style=\"color: #000000;\"><strong>Innsbruck:<\/strong>\u00a0Galerie im Taxispalais<\/span><br \/>\n<span style=\"color: #000000;\"> 11.Feb 2005 &#8211; 27.Feb 2005<\/span><\/p>\n<p style=\"padding-left: 60px;\"><span style=\"color: #000000;\"><strong>Helsinki:<\/strong>\u00a0Finnisches Architekturmuseum<\/span><br \/>\n<span style=\"color: #000000;\"> 25.Nov 2004 &#8211; 9.J\u00e4n 2005<\/span><\/p>\n<p style=\"padding-left: 60px;\"><span style=\"color: #000000;\"><strong>New York:<\/strong>\u00a0\u00d6sterreichisches Kulturinstitut New York<\/span><br \/>\n<span style=\"color: #000000;\"> 24.Juni 2004 &#8211; 30.Okt 2004<\/span><\/p>\n<p style=\"padding-left: 60px;\"><span style=\"color: #000000;\"><strong>M\u00fcnchen:<\/strong>\u00a0Haus der Architektur<\/span><br \/>\n<span style=\"color: #000000;\"> 29.April 2004 &#8211; 28.Mai 2004<\/span><\/p>\n<p style=\"padding-left: 60px;\"><span style=\"color: #000000;\"><strong>Prag:<\/strong>\u00a0Lapid\u00e0rium pod Betl\u00e8mskou Kapli<\/span><br \/>\n<span style=\"color: #000000;\"> 21.Feb 2004 &#8211; 12.April 2004<\/span><\/p>\n<p style=\"padding-left: 60px;\"><span style=\"color: #000000;\"><strong>Dornbirn:<\/strong> VAI\u00a0Vorarlberger Architekturinstitut<\/span><br \/>\n<span style=\"color: #000000;\"> 13.Dez 2003 &#8211; 08.Feb 2004<\/span><\/p>\n<p style=\"padding-left: 60px;\"><span style=\"color: #000000;\"><strong>Mailand:<\/strong>\u00a0La triennale di Milano<\/span><br \/>\n<span style=\"color: #000000;\"> 14.Mai 2003 &#8211; 13.Juli 2003<\/span><\/p>\n<p>&nbsp;<\/p>\n<p style=\"padding-left: 60px;\"><span style=\"color: #000000;\"> Zur Ausstellung ist ein Buch erschienen.<\/span><\/p>\n<p style=\"padding-left: 60px;\"><strong><span style=\"color: #000000;\">&#8222;austria west tirol vorarlberg&#8220;<\/span><\/strong><br \/>\n<strong> <span style=\"color: #000000;\"> neue architektur<\/span><\/strong><br \/>\n<em><span style=\"color: #000000;\"> Birkh\u00e4user Verlag (Basel)<\/span><\/em><br \/>\n<em> <span style=\"color: #000000;\"> 192 S., 233 Abb., davon 109 farbig<\/span><\/em><br \/>\n<em> <span style=\"color: #000000;\"> \u20ac 35,50<\/span><\/em><br \/>\n<em> <span style=\"color: #000000;\"> ISBN 3-7643-0680<\/span><\/em><\/p>\n<p>[\/vc_column_text][\/vc_column][\/vc_row]<\/p>\n","protected":false},"excerpt":{"rendered":"<p>[vc_row css_animation=&#8220;element_from_right&#8220; row_type=&#8220;row&#8220; use_row_as_full_screen_section=&#8220;no&#8220; type=&#8220;grid&#8220; in_content_menu=&#8220;in_content_menu&#8220; content_menu_icon=&#8220;&#8220; angled_section=&#8220;no&#8220; text_align=&#8220;left&#8220; background_image_as_pattern=&#8220;without_pattern&#8220; transition_delay=&#8220;0.8&#8243; css=&#8220;.vc_custom_1443710170968{margin-bottom: 20px !important;}&#8220;][vc_column][vc_column_text css=&#8220;.vc_custom_1443705022051{border-top-width: 20px !important;border-bottom-width: 20px !important;padding-top: 20px !important;padding-bottom: 20px !important;}&#8220;] Ausstellungen [\/vc_column_text][vc_separator type=&#8220;normal&#8220; color=&#8220;#a3a3a3&#8243; up=&#8220;20&#8243; down=&#8220;20&#8243;][\/vc_column][\/vc_row][vc_row css_animation=&#8220;element_from_fade&#8220; row_type=&#8220;row&#8220; use_row_as_full_screen_section=&#8220;no&#8220; type=&#8220;grid&#8220; in_content_menu=&#8220;in_content_menu&#8220; content_menu_icon=&#8220;&#8220; angled_section=&#8220;no&#8220; text_align=&#8220;left&#8220; background_image=&#8220;21778&#8243; background_image_as_pattern=&#8220;without_pattern&#8220; background_color=&#8220;#898989&#8243; row_negative_margin=&#8220;disable_negative_margin&#8220; padding_top=&#8220;0&#8243; transition_delay=&#8220;0.4&#8243; css=&#8220;.vc_custom_1488394795134{margin-bottom: 50px&#8230;<\/p>\n","protected":false},"author":1,"featured_media":0,"parent":0,"menu_order":0,"comment_status":"open","ping_status":"open","template":"","meta":{"_mi_skip_tracking":false},"_links":{"self":[{"href":"https:\/\/www.arch-omo.at\/index.php\/wp-json\/wp\/v2\/pages\/16007"}],"collection":[{"href":"https:\/\/www.arch-omo.at\/index.php\/wp-json\/wp\/v2\/pages"}],"about":[{"href":"https:\/\/www.arch-omo.at\/index.php\/wp-json\/wp\/v2\/types\/page"}],"author":[{"embeddable":true,"href":"https:\/\/www.arch-omo.at\/index.php\/wp-json\/wp\/v2\/users\/1"}],"replies":[{"embeddable":true,"href":"https:\/\/www.arch-omo.at\/index.php\/wp-json\/wp\/v2\/comments?post=16007"}],"version-history":[{"count":4,"href":"https:\/\/www.arch-omo.at\/index.php\/wp-json\/wp\/v2\/pages\/16007\/revisions"}],"predecessor-version":[{"id":22223,"href":"https:\/\/www.arch-omo.at\/index.php\/wp-json\/wp\/v2\/pages\/16007\/revisions\/22223"}],"wp:attachment":[{"href":"https:\/\/www.arch-omo.at\/index.php\/wp-json\/wp\/v2\/media?parent=16007"}],"curies":[{"name":"wp","href":"https:\/\/api.w.org\/{rel}","templated":true}]}}