{"id":16239,"date":"2015-10-01T17:07:13","date_gmt":"2015-10-01T15:07:13","guid":{"rendered":"http:\/\/www.arch-omo.at\/?page_id=16239"},"modified":"2018-05-18T09:02:27","modified_gmt":"2018-05-18T07:02:27","slug":"impressum","status":"publish","type":"page","link":"https:\/\/www.arch-omo.at\/index.php\/impressum\/","title":{"rendered":"Impressum"},"content":{"rendered":"<p><strong>IMPRESSUM:<\/strong><\/p>\n<p style=\"margin-top: 20px\"\/p>\n<p style=\"text-align: left;\"><strong>Firmenname:<\/strong>\u00a0obermoser arch-omo zt gmbh | architektur<\/p>\n<p style=\"text-align: left;\"><strong>Anschrift:<\/strong> Herzog-Otto-Stra\u00dfe 8, 6020 Innsbruck<\/p>\n<p style=\"text-align: left;\"><strong>Telefon:<\/strong>\u00a0+43-512-52050<\/p>\n<p style=\"text-align: left;\"><strong>Fax:<\/strong>\u00a0+43-512-567227<\/p>\n<p style=\"text-align: left;\"><strong>Email:<\/strong>\u00a0office@arch-omo.at<\/p>\n<p style=\"text-align: left;\"><strong>Web:<\/strong>\u00a0www.arch-omo.at<\/p>\n<p style=\"text-align: left;\"><strong>Kammerzugeh\u00f6rigkeit:<\/strong>\u00a0Bundeskammer der Architekten und Ingenieurkonsulenten<\/p>\n<p style=\"text-align: left;\"><strong>Fachgruppe:<\/strong>\u00a0Architektur<\/p>\n<p style=\"text-align: left;\"><strong>Berufsgruppe:<\/strong>\u00a0Freie Berufe<\/p>\n<p style=\"text-align: left;\"><strong>Firmenbuchnummer:<\/strong>\u00a0FN265048b1<\/p>\n<p style=\"text-align: left;\"><strong>Firmenbuchgericht:<\/strong>\u00a0Landesgericht Innsbruck<\/p>\n<p style=\"text-align: left;\"><strong>UID:<\/strong>\u00a0ATU 61821746<\/p>\n<p style=\"text-align: left;\"><strong>IBAN:<\/strong>\u00a0AT73 1600 0001 2004 4974<\/p>\n<p style=\"text-align: left;\"><strong>BIC:<\/strong>\u00a0BTVAAT22<\/p>\n<p style=\"margin-top: 20px\"\/p>\n<strong>URHEBERRECHT:<\/strong><\/p>\n<p style=\"margin-top: 20px\"\/p>\nDie auf dieser Website vorgestellten Inhalte unterliegen dem Urheberrecht. Eine Verwendung bzw. Publikation au\u00dferhalb dieser Website bedarf daher der ausdr\u00fccklichen Zustimmung des jeweiligen Urheberrechtsinhabers. Sofern nicht anders angef\u00fchrt, liegen diese Rechte bei der obermoser arch-omo zt gmbh bzw. bei den in der Projektbeschreibung angef\u00fchrten Fotografen.<\/p>\n<p style=\"margin-top: 20px\"\/p>\n<strong>DATENSCHUTZERKL\u00c4RUNG:<\/strong><\/p>\n<p style=\"margin-top: 20px\"\/p>\nDer Schutz Ihrer pers\u00f6nlichen Daten ist uns wichtig. Wir verarbeiten Ihre Daten ausschlie\u00dflich im Rahmen der gesetzlichen Bestimmungen (DSGVO, DSG 2000, TKG 2003). Nachfolgend informieren wir Sie \u00fcber die wichtigsten Aspekte der Datenverarbeitung im Rahmen unserer Website.<\/p>\n<p style=\"margin-top: 20px\"\/p>\n<strong>Kontakt mit uns<\/strong><br \/>\nWenn Sie per E-Mail Kontakt mit uns aufnehmen, werden Ihre angegebenen Daten zwecks Bearbeitung der Anfrage und f\u00fcr den Fall von weiteren Fragen sechs Monate bei uns gespeichert. Diese Daten geben wir nicht ohne Ihre Einwilligung weiter.<\/p>\n<p style=\"margin-top: 20px\"\/p>\n<strong>Ihre Rechte<\/strong><br \/>\nSie haben grunds\u00e4tzlich das Recht auf Auskunft, Berichtigung, L\u00f6schung, Einschr\u00e4nkung der Verarbeitung, Daten\u00fcbertragbarkeit, Widerruf und Widerspruch. Wenn Sie glauben, dass die Verarbeitung Ihrer Daten gegen das Datenschutzrecht verst\u00f6\u00dft oder Ihre datenschutzrechtlichen Anspr\u00fcche in einer anderen Weise verletzt worden sind, k\u00f6nnen Sie sich bei der Aufsichtsbeh\u00f6rde beschweren. In \u00d6sterreich ist dies die Datenschutzbeh\u00f6rde.<\/p>\n<p style=\"margin-top: 20px\"\/p>\n","protected":false},"excerpt":{"rendered":"<p>IMPRESSUM: Firmenname:\u00a0obermoser arch-omo zt gmbh | architektur Anschrift: Herzog-Otto-Stra\u00dfe 8, 6020 Innsbruck Telefon:\u00a0+43-512-52050 Fax:\u00a0+43-512-567227 Email:\u00a0office@arch-omo.at Web:\u00a0www.arch-omo.at Kammerzugeh\u00f6rigkeit:\u00a0Bundeskammer der Architekten und Ingenieurkonsulenten Fachgruppe:\u00a0Architektur Berufsgruppe:\u00a0Freie Berufe Firmenbuchnummer:\u00a0FN265048b1 Firmenbuchgericht:\u00a0Landesgericht Innsbruck UID:\u00a0ATU 61821746 IBAN:\u00a0AT73 1600 0001 2004 4974 BIC:\u00a0BTVAAT22 URHEBERRECHT: Die auf dieser Website vorgestellten Inhalte unterliegen dem Urheberrecht&#8230;.<\/p>\n","protected":false},"author":1,"featured_media":0,"parent":0,"menu_order":0,"comment_status":"closed","ping_status":"closed","template":"","meta":{"_mi_skip_tracking":false},"_links":{"self":[{"href":"https:\/\/www.arch-omo.at\/index.php\/wp-json\/wp\/v2\/pages\/16239"}],"collection":[{"href":"https:\/\/www.arch-omo.at\/index.php\/wp-json\/wp\/v2\/pages"}],"about":[{"href":"https:\/\/www.arch-omo.at\/index.php\/wp-json\/wp\/v2\/types\/page"}],"author":[{"embeddable":true,"href":"https:\/\/www.arch-omo.at\/index.php\/wp-json\/wp\/v2\/users\/1"}],"replies":[{"embeddable":true,"href":"https:\/\/www.arch-omo.at\/index.php\/wp-json\/wp\/v2\/comments?post=16239"}],"version-history":[{"count":9,"href":"https:\/\/www.arch-omo.at\/index.php\/wp-json\/wp\/v2\/pages\/16239\/revisions"}],"predecessor-version":[{"id":23130,"href":"https:\/\/www.arch-omo.at\/index.php\/wp-json\/wp\/v2\/pages\/16239\/revisions\/23130"}],"wp:attachment":[{"href":"https:\/\/www.arch-omo.at\/index.php\/wp-json\/wp\/v2\/media?parent=16239"}],"curies":[{"name":"wp","href":"https:\/\/api.w.org\/{rel}","templated":true}]}}